{"id":326,"date":"2025-10-02T14:37:20","date_gmt":"2025-10-02T14:37:20","guid":{"rendered":"https:\/\/padeldavidquintin.com\/?page_id=326"},"modified":"2025-10-02T14:37:54","modified_gmt":"2025-10-02T14:37:54","slug":"avis-legal","status":"publish","type":"page","link":"https:\/\/padeldavidquintin.com\/es\/avis-legal\/","title":{"rendered":"Av\u00eds legal"},"content":{"rendered":"<p data-start=\"3007\" data-end=\"3230\"><strong data-start=\"3007\" data-end=\"3032\">1. Informaci\u00f3 general<\/strong><br data-start=\"3032\" data-end=\"3035\" \/>En compliment del que disposa la Llei 34\/2002, d\u201911 de juliol, de serveis de la societat de la informaci\u00f3 i comer\u00e7 electr\u00f2nic (LSSI-CE), es posa a disposici\u00f3 dels usuaris la informaci\u00f3 seg\u00fcent:<\/p>\n<ul>\n<li data-start=\"3234\" data-end=\"3278\"><strong data-start=\"3234\" data-end=\"3256\">Titular de la web:<\/strong> DAVID QUINT\u00cdN N\u00da\u00d1EZ<\/li>\n<li data-start=\"3281\" data-end=\"3301\"><strong data-start=\"3281\" data-end=\"3289\">NIF:<\/strong> 39385364A<\/li>\n<li data-start=\"3304\" data-end=\"3382\"><strong data-start=\"3304\" data-end=\"3315\">Adre\u00e7a:<\/strong> Carrer Empord\u00e0, 2 (Pineda de Bages), 08272 Sant Fruit\u00f3s de Bages<\/li>\n<li data-start=\"3385\" data-end=\"3416\"><strong data-start=\"3385\" data-end=\"3397\">Tel\u00e8fon:<\/strong> +34 666 64 57 13<\/li>\n<li data-start=\"3419\" data-end=\"3471\"><strong data-start=\"3419\" data-end=\"3441\">Correu electr\u00f2nic:<\/strong> <a class=\"decorated-link cursor-pointer\" rel=\"noopener\" data-start=\"3442\" data-end=\"3469\">david@padeldavidquintin.com<\/a><\/li>\n<li data-start=\"3474\" data-end=\"3524\"><strong data-start=\"3474\" data-end=\"3492\">Nom comercial:<\/strong> Escola de P\u00e0del David Quint\u00edn<\/li>\n<li data-start=\"3527\" data-end=\"3570\"><strong data-start=\"3527\" data-end=\"3542\">Domini web:<\/strong> <a class=\"decorated-link\" href=\"https:\/\/padeldavidquintin.com\/es\/\" target=\"_new\" rel=\"noopener\" data-start=\"3543\" data-end=\"3568\">www.padeldavidquintin.com<\/a><\/li>\n<\/ul>\n<p data-start=\"3572\" data-end=\"3734\"><strong data-start=\"3572\" data-end=\"3596\">2. Objecte de la web<\/strong><br data-start=\"3596\" data-end=\"3599\" \/>Aquesta web t\u00e9 com a finalitat oferir informaci\u00f3 sobre els serveis de l\u2019escola de p\u00e0del, cursos, inscripcions, activitats i tornejos.<\/p>\n<p data-start=\"3736\" data-end=\"4016\"><strong data-start=\"3736\" data-end=\"3758\">3. Condicions d\u2019\u00fas<\/strong><br data-start=\"3758\" data-end=\"3761\" \/>L\u2019acc\u00e9s i \u00fas de la web atribueixen la condici\u00f3 d\u2019usuari i impliquen l\u2019acceptaci\u00f3 plena i sense reserves de totes les condicions d\u2019aquest av\u00eds legal.<br data-start=\"3909\" data-end=\"3912\" \/>L\u2019usuari es compromet a utilitzar la web de manera l\u00edcita, correcta i conforme a la legislaci\u00f3 vigent.<\/p>\n<p data-start=\"4018\" data-end=\"4400\"><strong data-start=\"4018\" data-end=\"4061\">4. Propietat intel\u00b7lectual i industrial<\/strong><br data-start=\"4061\" data-end=\"4064\" \/>Tots els continguts d\u2019aquesta web (textos, imatges, logotips, dissenys, arxius, etc.) s\u00f3n titularitat de DAVID QUINT\u00cdN N\u00da\u00d1EZ o de tercers que n\u2019han autoritzat l\u2019\u00fas, i estan protegits per la normativa de propietat intel\u00b7lectual i industrial.<br data-start=\"4304\" data-end=\"4307\" \/>Queda prohibida la seva reproducci\u00f3, distribuci\u00f3 o modificaci\u00f3 sense autoritzaci\u00f3 expressa.<\/p>\n<p data-start=\"4402\" data-end=\"4438\"><strong data-start=\"4402\" data-end=\"4436\">5. Exempci\u00f3 de responsabilitat<\/strong><\/p>\n<ul>\n<li data-start=\"4441\" data-end=\"4559\">L\u2019escola no es fa responsable dels errors o omissions dels continguts publicats ni de l\u2019\u00fas que en facin els usuaris.<\/li>\n<li data-start=\"4562\" data-end=\"4659\">No es garanteix la disponibilitat ni el correcte funcionament del lloc web de manera permanent.<\/li>\n<li data-start=\"4662\" data-end=\"4762\">L\u2019escola no es fa responsable de possibles danys derivats d\u2019interfer\u00e8ncies, virus o desconnexions.<\/li>\n<\/ul>\n<p data-start=\"4764\" data-end=\"4963\"><strong data-start=\"4764\" data-end=\"4787\">6. Enlla\u00e7os externs<\/strong><br data-start=\"4787\" data-end=\"4790\" \/>Aquest lloc web pot contenir enlla\u00e7os a webs de tercers. DAVID QUINT\u00cdN N\u00da\u00d1EZ no es fa responsable dels continguts ni de la pol\u00edtica de privacitat d\u2019aquestes webs externes.<\/p>\n<p data-start=\"4965\" data-end=\"5244\"><strong data-start=\"4965\" data-end=\"5006\">7. Legislaci\u00f3 aplicable i jurisdicci\u00f3<\/strong><br data-start=\"5006\" data-end=\"5009\" \/>Aquest av\u00eds legal es regeix per la legislaci\u00f3 espanyola.<br data-start=\"5065\" data-end=\"5068\" \/>Per a qualsevol controv\u00e8rsia que pugui sorgir en relaci\u00f3 amb la web o els serveis prestats, les parts se sotmeten expressament als jutjats i tribunals de Manresa (Barcelona).<\/p>","protected":false},"excerpt":{"rendered":"<p>1. Informaci\u00f3 generalEn compliment del que disposa la Llei 34\/2002, d\u201911 de juliol, de serveis de la societat de la [&hellip;]<\/p>\n","protected":false},"author":1,"featured_media":0,"parent":0,"menu_order":0,"comment_status":"closed","ping_status":"closed","template":"","meta":{"_seopress_robots_primary_cat":"","_seopress_titles_title":"","_seopress_titles_desc":"","_seopress_robots_index":"yes","site-sidebar-layout":"default","site-content-layout":"","ast-site-content-layout":"narrow-width-container","site-content-style":"default","site-sidebar-style":"default","ast-global-header-display":"","ast-banner-title-visibility":"","ast-main-header-display":"","ast-hfb-above-header-display":"","ast-hfb-below-header-display":"","ast-hfb-mobile-header-display":"","site-post-title":"","ast-breadcrumbs-content":"","ast-featured-img":"","footer-sml-layout":"","ast-disable-related-posts":"","theme-transparent-header-meta":"default","adv-header-id-meta":"","stick-header-meta":"","header-above-stick-meta":"","header-main-stick-meta":"","header-below-stick-meta":"","astra-migrate-meta-layouts":"set","ast-page-background-enabled":"default","ast-page-background-meta":{"desktop":{"background-color":"var(--ast-global-color-5)","background-image":"","background-repeat":"repeat","background-position":"center center","background-size":"auto","background-attachment":"scroll","background-type":"","background-media":"","overlay-type":"","overlay-color":"","overlay-opacity":"","overlay-gradient":""},"tablet":{"background-color":"","background-image":"","background-repeat":"repeat","background-position":"center center","background-size":"auto","background-attachment":"scroll","background-type":"","background-media":"","overlay-type":"","overlay-color":"","overlay-opacity":"","overlay-gradient":""},"mobile":{"background-color":"","background-image":"","background-repeat":"repeat","background-position":"center center","background-size":"auto","background-attachment":"scroll","background-type":"","background-media":"","overlay-type":"","overlay-color":"","overlay-opacity":"","overlay-gradient":""}},"ast-content-background-meta":{"desktop":{"background-color":"var(--ast-global-color-4)","background-image":"","background-repeat":"repeat","background-position":"center center","background-size":"auto","background-attachment":"scroll","background-type":"","background-media":"","overlay-type":"","overlay-color":"","overlay-opacity":"","overlay-gradient":""},"tablet":{"background-color":"var(--ast-global-color-4)","background-image":"","background-repeat":"repeat","background-position":"center center","background-size":"auto","background-attachment":"scroll","background-type":"","background-media":"","overlay-type":"","overlay-color":"","overlay-opacity":"","overlay-gradient":""},"mobile":{"background-color":"var(--ast-global-color-4)","background-image":"","background-repeat":"repeat","background-position":"center center","background-size":"auto","background-attachment":"scroll","background-type":"","background-media":"","overlay-type":"","overlay-color":"","overlay-opacity":"","overlay-gradient":""}},"_joinchat":[],"footnotes":""},"class_list":["post-326","page","type-page","status-publish","hentry"],"_links":{"self":[{"href":"https:\/\/padeldavidquintin.com\/es\/wp-json\/wp\/v2\/pages\/326","targetHints":{"allow":["GET"]}}],"collection":[{"href":"https:\/\/padeldavidquintin.com\/es\/wp-json\/wp\/v2\/pages"}],"about":[{"href":"https:\/\/padeldavidquintin.com\/es\/wp-json\/wp\/v2\/types\/page"}],"author":[{"embeddable":true,"href":"https:\/\/padeldavidquintin.com\/es\/wp-json\/wp\/v2\/users\/1"}],"replies":[{"embeddable":true,"href":"https:\/\/padeldavidquintin.com\/es\/wp-json\/wp\/v2\/comments?post=326"}],"version-history":[{"count":2,"href":"https:\/\/padeldavidquintin.com\/es\/wp-json\/wp\/v2\/pages\/326\/revisions"}],"predecessor-version":[{"id":328,"href":"https:\/\/padeldavidquintin.com\/es\/wp-json\/wp\/v2\/pages\/326\/revisions\/328"}],"wp:attachment":[{"href":"https:\/\/padeldavidquintin.com\/es\/wp-json\/wp\/v2\/media?parent=326"}],"curies":[{"name":"wp","href":"https:\/\/api.w.org\/{rel}","templated":true}]}}